{"id":2,"date":"2024-12-20T10:05:30","date_gmt":"2024-12-20T09:05:30","guid":{"rendered":"http:\/\/loft-udine.it\/?page_id=2"},"modified":"2024-12-23T19:03:08","modified_gmt":"2024-12-23T18:03:08","slug":"pagina-di-esempio","status":"publish","type":"page","link":"https:\/\/loft-udine.it\/?page_id=2","title":{"rendered":"Soluzioni"},"content":{"rendered":"\n<div class=\"wp-block-masonry-gallery-ctc-gal-block\"><div style=\"opacity:0\" data-gut-wd=\"15\" class=\"mas-gal-gallery \" id=\"mas-div-68b7c566-781e-439d-a438-7340121a0f73\"><img decoding=\"async\" class=\"mas-img-68b7c566-781e-439d-a438-7340121a0f73 ctc-gal-zoom-on-hover\" style=\"box-shadow:0px 0px 0px ;width:40% \" title=\"\" src=\"http:\/\/loft-udine.it\/wp-content\/uploads\/2024\/12\/1E5A0023_1-scaled.jpg\"\/><img decoding=\"async\" class=\"mas-img-68b7c566-781e-439d-a438-7340121a0f73 ctc-gal-zoom-on-hover\" style=\"box-shadow:0px 0px 0px ;width:40% \" title=\"\" src=\"http:\/\/loft-udine.it\/wp-content\/uploads\/2024\/12\/1E5A0027_1-scaled.jpg\"\/><img decoding=\"async\" class=\"mas-img-68b7c566-781e-439d-a438-7340121a0f73 ctc-gal-zoom-on-hover\" style=\"box-shadow:0px 0px 0px ;width:40% \" title=\"\" src=\"http:\/\/loft-udine.it\/wp-content\/uploads\/2024\/12\/1E5A0030_1-scaled.jpg\"\/><img decoding=\"async\" class=\"mas-img-68b7c566-781e-439d-a438-7340121a0f73 ctc-gal-zoom-on-hover\" style=\"box-shadow:0px 0px 0px ;width:40% \" title=\"\" src=\"http:\/\/loft-udine.it\/wp-content\/uploads\/2024\/12\/1E5A0033_1-scaled.jpg\"\/><img decoding=\"async\" class=\"mas-img-68b7c566-781e-439d-a438-7340121a0f73 ctc-gal-zoom-on-hover\" style=\"box-shadow:0px 0px 0px ;width:40% \" title=\"\" src=\"http:\/\/loft-udine.it\/wp-content\/uploads\/2024\/12\/1E5A0045_1-scaled.jpg\"\/><img decoding=\"async\" class=\"mas-img-68b7c566-781e-439d-a438-7340121a0f73 ctc-gal-zoom-on-hover\" style=\"box-shadow:0px 0px 0px ;width:40% \" title=\"\" src=\"http:\/\/loft-udine.it\/wp-content\/uploads\/2024\/12\/1E5A0052_1-scaled.jpg\"\/><img decoding=\"async\" class=\"mas-img-68b7c566-781e-439d-a438-7340121a0f73 ctc-gal-zoom-on-hover\" style=\"box-shadow:0px 0px 0px ;width:40% \" title=\"\" src=\"http:\/\/loft-udine.it\/wp-content\/uploads\/2024\/12\/1E5A0054_1-scaled.jpg\"\/><img decoding=\"async\" class=\"mas-img-68b7c566-781e-439d-a438-7340121a0f73 ctc-gal-zoom-on-hover\" style=\"box-shadow:0px 0px 0px ;width:40% \" title=\"\" src=\"http:\/\/loft-udine.it\/wp-content\/uploads\/2024\/12\/1E5A0059_1-scaled.jpg\"\/><img decoding=\"async\" class=\"mas-img-68b7c566-781e-439d-a438-7340121a0f73 ctc-gal-zoom-on-hover\" style=\"box-shadow:0px 0px 0px ;width:40% \" title=\"\" src=\"http:\/\/loft-udine.it\/wp-content\/uploads\/2024\/12\/1E5A0078_1-scaled.jpg\"\/><img decoding=\"async\" class=\"mas-img-68b7c566-781e-439d-a438-7340121a0f73 ctc-gal-zoom-on-hover\" style=\"box-shadow:0px 0px 0px ;width:40% \" title=\"\" src=\"http:\/\/loft-udine.it\/wp-content\/uploads\/2024\/12\/1E5A0090_1-scaled.jpg\"\/><img decoding=\"async\" class=\"mas-img-68b7c566-781e-439d-a438-7340121a0f73 ctc-gal-zoom-on-hover\" style=\"box-shadow:0px 0px 0px ;width:40% \" title=\"\" src=\"http:\/\/loft-udine.it\/wp-content\/uploads\/2024\/12\/1E5A0096_1-scaled.jpg\"\/><img decoding=\"async\" class=\"mas-img-68b7c566-781e-439d-a438-7340121a0f73 ctc-gal-zoom-on-hover\" style=\"box-shadow:0px 0px 0px ;width:40% \" title=\"\" src=\"http:\/\/loft-udine.it\/wp-content\/uploads\/2024\/12\/1E5A0100_1-scaled.jpg\"\/><img decoding=\"async\" class=\"mas-img-68b7c566-781e-439d-a438-7340121a0f73 ctc-gal-zoom-on-hover\" style=\"box-shadow:0px 0px 0px ;width:40% \" title=\"\" src=\"http:\/\/loft-udine.it\/wp-content\/uploads\/2024\/12\/1E5A0106_1-scaled.jpg\"\/><img decoding=\"async\" class=\"mas-img-68b7c566-781e-439d-a438-7340121a0f73 ctc-gal-zoom-on-hover\" style=\"box-shadow:0px 0px 0px ;width:40% \" title=\"\" src=\"http:\/\/loft-udine.it\/wp-content\/uploads\/2024\/12\/1E5A0115_1-scaled.jpg\"\/><img decoding=\"async\" class=\"mas-img-68b7c566-781e-439d-a438-7340121a0f73 ctc-gal-zoom-on-hover\" style=\"box-shadow:0px 0px 0px ;width:40% \" title=\"\" src=\"http:\/\/loft-udine.it\/wp-content\/uploads\/2024\/12\/1E5A0119_1-scaled.jpg\"\/><img decoding=\"async\" class=\"mas-img-68b7c566-781e-439d-a438-7340121a0f73 ctc-gal-zoom-on-hover\" style=\"box-shadow:0px 0px 0px ;width:40% \" title=\"\" src=\"http:\/\/loft-udine.it\/wp-content\/uploads\/2024\/12\/1E5A0137_1-scaled.jpg\"\/><img decoding=\"async\" class=\"mas-img-68b7c566-781e-439d-a438-7340121a0f73 ctc-gal-zoom-on-hover\" style=\"box-shadow:0px 0px 0px ;width:40% \" title=\"\" src=\"http:\/\/loft-udine.it\/wp-content\/uploads\/2024\/12\/1E5A0143_1-scaled.jpg\"\/><img decoding=\"async\" class=\"mas-img-68b7c566-781e-439d-a438-7340121a0f73 ctc-gal-zoom-on-hover\" style=\"box-shadow:0px 0px 0px ;width:40% \" title=\"\" src=\"http:\/\/loft-udine.it\/wp-content\/uploads\/2024\/12\/1E5A0146_1-scaled.jpg\"\/><img decoding=\"async\" class=\"mas-img-68b7c566-781e-439d-a438-7340121a0f73 ctc-gal-zoom-on-hover\" style=\"box-shadow:0px 0px 0px ;width:40% \" title=\"\" src=\"http:\/\/loft-udine.it\/wp-content\/uploads\/2024\/12\/1E5A0154_1-scaled.jpg\"\/><img decoding=\"async\" class=\"mas-img-68b7c566-781e-439d-a438-7340121a0f73 ctc-gal-zoom-on-hover\" style=\"box-shadow:0px 0px 0px ;width:40% \" title=\"\" src=\"http:\/\/loft-udine.it\/wp-content\/uploads\/2024\/12\/1E5A0157_1-scaled.jpg\"\/><img decoding=\"async\" class=\"mas-img-68b7c566-781e-439d-a438-7340121a0f73 ctc-gal-zoom-on-hover\" style=\"box-shadow:0px 0px 0px ;width:40% \" title=\"\" src=\"http:\/\/loft-udine.it\/wp-content\/uploads\/2024\/12\/1E5A0162_1-scaled.jpg\"\/><img decoding=\"async\" class=\"mas-img-68b7c566-781e-439d-a438-7340121a0f73 ctc-gal-zoom-on-hover\" style=\"box-shadow:0px 0px 0px ;width:40% \" title=\"\" src=\"http:\/\/loft-udine.it\/wp-content\/uploads\/2024\/12\/1E5A0165_1-scaled.jpg\"\/><img decoding=\"async\" class=\"mas-img-68b7c566-781e-439d-a438-7340121a0f73 ctc-gal-zoom-on-hover\" style=\"box-shadow:0px 0px 0px ;width:40% \" title=\"\" src=\"http:\/\/loft-udine.it\/wp-content\/uploads\/2024\/12\/1E5A0171_1-scaled.jpg\"\/><img decoding=\"async\" class=\"mas-img-68b7c566-781e-439d-a438-7340121a0f73 ctc-gal-zoom-on-hover\" style=\"box-shadow:0px 0px 0px ;width:40% \" title=\"\" src=\"http:\/\/loft-udine.it\/wp-content\/uploads\/2024\/12\/1E5A0174_1-scaled.jpg\"\/><img decoding=\"async\" class=\"mas-img-68b7c566-781e-439d-a438-7340121a0f73 ctc-gal-zoom-on-hover\" style=\"box-shadow:0px 0px 0px ;width:40% \" title=\"\" src=\"http:\/\/loft-udine.it\/wp-content\/uploads\/2024\/12\/1E5A0179_1-scaled.jpg\"\/><img decoding=\"async\" class=\"mas-img-68b7c566-781e-439d-a438-7340121a0f73 ctc-gal-zoom-on-hover\" style=\"box-shadow:0px 0px 0px ;width:40% \" title=\"\" src=\"http:\/\/loft-udine.it\/wp-content\/uploads\/2024\/12\/1E5A0186_1-scaled.jpg\"\/><img decoding=\"async\" class=\"mas-img-68b7c566-781e-439d-a438-7340121a0f73 ctc-gal-zoom-on-hover\" style=\"box-shadow:0px 0px 0px ;width:40% \" title=\"\" src=\"http:\/\/loft-udine.it\/wp-content\/uploads\/2024\/12\/1E5A0190_1-scaled.jpg\"\/><img decoding=\"async\" class=\"mas-img-68b7c566-781e-439d-a438-7340121a0f73 ctc-gal-zoom-on-hover\" style=\"box-shadow:0px 0px 0px ;width:40% \" title=\"\" src=\"http:\/\/loft-udine.it\/wp-content\/uploads\/2024\/12\/1E5A9923_1-scaled.jpg\"\/><img decoding=\"async\" class=\"mas-img-68b7c566-781e-439d-a438-7340121a0f73 ctc-gal-zoom-on-hover\" style=\"box-shadow:0px 0px 0px ;width:40% \" title=\"\" src=\"http:\/\/loft-udine.it\/wp-content\/uploads\/2024\/12\/1E5A9926_1-scaled.jpg\"\/><img decoding=\"async\" class=\"mas-img-68b7c566-781e-439d-a438-7340121a0f73 ctc-gal-zoom-on-hover\" style=\"box-shadow:0px 0px 0px ;width:40% \" title=\"\" src=\"http:\/\/loft-udine.it\/wp-content\/uploads\/2024\/12\/1E5A9928_1-scaled.jpg\"\/><img decoding=\"async\" class=\"mas-img-68b7c566-781e-439d-a438-7340121a0f73 ctc-gal-zoom-on-hover\" style=\"box-shadow:0px 0px 0px ;width:40% \" title=\"\" src=\"http:\/\/loft-udine.it\/wp-content\/uploads\/2024\/12\/1E5A9931_1-scaled.jpg\"\/><img decoding=\"async\" class=\"mas-img-68b7c566-781e-439d-a438-7340121a0f73 ctc-gal-zoom-on-hover\" style=\"box-shadow:0px 0px 0px ;width:40% \" title=\"\" src=\"http:\/\/loft-udine.it\/wp-content\/uploads\/2024\/12\/1E5A9934_1-scaled.jpg\"\/><img decoding=\"async\" class=\"mas-img-68b7c566-781e-439d-a438-7340121a0f73 ctc-gal-zoom-on-hover\" style=\"box-shadow:0px 0px 0px ;width:40% \" title=\"\" src=\"http:\/\/loft-udine.it\/wp-content\/uploads\/2024\/12\/1E5A9937_1-scaled.jpg\"\/><img decoding=\"async\" class=\"mas-img-68b7c566-781e-439d-a438-7340121a0f73 ctc-gal-zoom-on-hover\" style=\"box-shadow:0px 0px 0px ;width:40% \" title=\"\" src=\"http:\/\/loft-udine.it\/wp-content\/uploads\/2024\/12\/1E5A9940_1-scaled.jpg\"\/><img decoding=\"async\" class=\"mas-img-68b7c566-781e-439d-a438-7340121a0f73 ctc-gal-zoom-on-hover\" style=\"box-shadow:0px 0px 0px ;width:40% \" title=\"\" src=\"http:\/\/loft-udine.it\/wp-content\/uploads\/2024\/12\/1E5A9948_1-scaled.jpg\"\/><img decoding=\"async\" class=\"mas-img-68b7c566-781e-439d-a438-7340121a0f73 ctc-gal-zoom-on-hover\" style=\"box-shadow:0px 0px 0px ;width:40% \" title=\"\" src=\"http:\/\/loft-udine.it\/wp-content\/uploads\/2024\/12\/1E5A9963_1-scaled.jpg\"\/><img decoding=\"async\" class=\"mas-img-68b7c566-781e-439d-a438-7340121a0f73 ctc-gal-zoom-on-hover\" style=\"box-shadow:0px 0px 0px ;width:40% \" title=\"\" src=\"http:\/\/loft-udine.it\/wp-content\/uploads\/2024\/12\/1E5A9993_1-scaled.jpg\"\/><img decoding=\"async\" class=\"mas-img-68b7c566-781e-439d-a438-7340121a0f73 ctc-gal-zoom-on-hover\" style=\"box-shadow:0px 0px 0px ;width:40% \" title=\"\" src=\"http:\/\/loft-udine.it\/wp-content\/uploads\/2024\/12\/1E5A9999_1-scaled.jpg\"\/><\/div><\/div>\n\n\n\n<h2 class=\"wp-block-heading\">Storia<\/h2>\n\n\n\n<p>Il sito iniziale delle Officine Bertoli risale alla prima met\u00e0 del 1800 nell&#8217;edificio ex Battiferro, collocato nella zona est.<\/p>\n\n\n\n<p>Lo sviluppo dell&#8217;attivit\u00e0 cresce costantemente e l&#8217;industria nel corso degli anni viene notevolmente ampliata: vengono realizzati i reparti fonderia, acciaieria, modelli laminatoio, oltre agli impianti tecnologici correlati.<\/p>\n\n\n\n<p>Negli anni &#8217;70 al momento della cessazione dell&#8217;attivit\u00e0, il ciclo produttivo di ferroleghe delle Officine Bertoli era completo.<\/p>\n\n\n\n<p>Nel 2005 l&#8217;area produttiva, ormai dimessa ma inserita in una collocazione strategica per la citt\u00e0 di Udine e ben collegata con il sistema tangenziale, viene acquistata dalla Mangiarotti Real Estate s.p.a. con l&#8217;intenzione di operare una riqualificazione urbanistica di ampio respiro secondo l&#8217;impronta urbanistica progettata dallo studio Gregotti arch. Vittorio gi\u00e0 noto per il recupero dell&#8217;area industriale Bicocca di Milano e secondo l&#8217;arch. Francesco Bonetti della B.F. Contractors di Crema specializzato nei recuperi industriali.<\/p>\n\n\n\n<h2 class=\"wp-block-heading\">Il Progetto<\/h2>\n\n\n\n<p>L&#8217;immenso complesso industriale delle ex Officine Bertoli di Udine, collocato tra Viale Tricesimo, via Fusine e via Molin Nuovo, \u00e8 oggi interessato da un attento programma di riqualificazione urbanistica.<\/p>\n\n\n\n<p>All&#8217;interno di quest&#8217;area, in via Molin Nuovo 39, si trova l&#8217;ex Forgeria, un comparto di archelogia industriale destinato a nuova vita attraverso un importante recupero che ha voluto valorizzare questo pregevole manufatto edilizio, ristrutturandolo nel rispetto della tradizione e adeguandolo alle esigenze funzionali e tecnologiche della vita moderna.<\/p>\n\n\n\n<p>La realizzazione di loft d&#8217;autore prevede volumi da personalizzare con altezze interne doppie o triple elevate, spazi duttili destinati a laboratori\/uffici open space. Nulla \u00e8 lasciato al caso: i migliori standard di comfort e sicurezza garantiscono una elevata vivibilit\u00e0, la quantit\u00e0 di spazio disponibile di questi super loft d\u00e0 benessere, energia positiva, ampi affacci sulla zona verde, sui giardini, sui patii interni ad uso esclusivo.<\/p>\n\n\n\n<p>La qualit\u00e0 contemporanea appaga: vivere questi ambienti costituisce l&#8217;opportunit\u00e0 unica di assaporare il fascino di un&#8217;antica fabbrica, autentica archeologia industriale e la pace di un luogo tranquillo ma dotato di tutti i servizi offerti dalla riqualificazione urbanistica in atto nell&#8217;area.<\/p>\n\n\n\n<p><\/p>\n","protected":false},"excerpt":{"rendered":"<p>Storia Il sito iniziale delle Officine Bertoli risale alla prima met\u00e0 del 1800 nell&#8217;edificio ex Battiferro, collocato nella zona est. Lo sviluppo dell&#8217;attivit\u00e0 cresce costantemente e l&#8217;industria nel corso degli anni viene notevolmente ampliata: vengono realizzati i reparti fonderia, acciaieria, modelli laminatoio, oltre agli impianti tecnologici correlati. Negli anni &#8217;70 al momento della cessazione dell&#8217;attivit\u00e0, [&hellip;]<\/p>\n","protected":false},"author":1,"featured_media":0,"parent":0,"menu_order":0,"comment_status":"closed","ping_status":"open","template":"","meta":{"footnotes":""},"class_list":["post-2","page","type-page","status-publish","hentry"],"_links":{"self":[{"href":"https:\/\/loft-udine.it\/index.php?rest_route=\/wp\/v2\/pages\/2","targetHints":{"allow":["GET"]}}],"collection":[{"href":"https:\/\/loft-udine.it\/index.php?rest_route=\/wp\/v2\/pages"}],"about":[{"href":"https:\/\/loft-udine.it\/index.php?rest_route=\/wp\/v2\/types\/page"}],"author":[{"embeddable":true,"href":"https:\/\/loft-udine.it\/index.php?rest_route=\/wp\/v2\/users\/1"}],"replies":[{"embeddable":true,"href":"https:\/\/loft-udine.it\/index.php?rest_route=%2Fwp%2Fv2%2Fcomments&post=2"}],"version-history":[{"count":5,"href":"https:\/\/loft-udine.it\/index.php?rest_route=\/wp\/v2\/pages\/2\/revisions"}],"predecessor-version":[{"id":148,"href":"https:\/\/loft-udine.it\/index.php?rest_route=\/wp\/v2\/pages\/2\/revisions\/148"}],"wp:attachment":[{"href":"https:\/\/loft-udine.it\/index.php?rest_route=%2Fwp%2Fv2%2Fmedia&parent=2"}],"curies":[{"name":"wp","href":"https:\/\/api.w.org\/{rel}","templated":true}]}}